






{"id":957,"date":"2021-05-29T00:45:51","date_gmt":"2021-05-29T00:45:51","guid":{"rendered":"https:\/\/hoschool.it\/privacy-policy\/"},"modified":"2021-06-16T13:23:16","modified_gmt":"2021-06-16T13:23:16","slug":"politica-sulla-riservatezza","status":"publish","type":"page","link":"https:\/\/hoschool.it\/it\/politica-sulla-riservatezza\/","title":{"rendered":"Politica sulla riservatezza"},"content":{"rendered":"<h3>Politica sulla riservatezza<\/h3>\n<p style=\"text-align: justify;\">ITALIAN HOSPITALITY SCHOOL S.R.L. garantisce che la gestione del trattamento dei dati personali viene svolta secondo elevati standard di sicurezza e nel rispetto dei diritti, delle libert\u00e0 fondamentali, nonch\u00e9 della dignit\u00e0 delle persone fisiche, con particolare riferimento alla riservatezza ed all&#8217;identit\u00e0 personale. l dati conferiti saranno utilizzati esclusivamente per comunicazioni inerenti alle attivit\u00e0 del ITALIAN HOSPITALITY SCHOOL S.R.L., nella piena tutela dei diritti e della riservatezza degli interessati, escludendo la cessione a terzi.<\/p>\n<h3 style=\"text-align: justify;\">Copyright<\/h3>\n<div style=\"text-align: justify;\">Tutti i diritti sui cataloghi, sulle immagini, sui testi e\/o su altro materiale pubblicato su questo sito sono di esclusiva propriet\u00e0 del ITALIAN HOSPITALITY SCHOOL S.R.L.. Pertanto, sono vietate la riproduzione e diffusione, anche parziale, in qualsiasi forma e con qualsiasi mezzo, delle fotografie, immagini, testi e\/o altro materiale pubblicato sul presente sito senza permesso.<\/div>\n","protected":false},"excerpt":{"rendered":"<p>Politica sulla riservatezza ITALIAN HOSPITALITY SCHOOL S.R.L. garantisce che la gestione del trattamento dei dati personali viene svolta secondo elevati standard di sicurezza e nel rispetto dei diritti, delle libert\u00e0 fondamentali, nonch\u00e9 della dignit\u00e0 delle persone fisiche, con particolare riferimento alla riservatezza ed all&#8217;identit\u00e0 personale. l dati conferiti saranno utilizzati esclusivamente per comunicazioni inerenti alle [&hellip;]<\/p>\n","protected":false},"author":1,"featured_media":0,"parent":0,"menu_order":0,"comment_status":"closed","ping_status":"open","template":"","meta":[],"_links":{"self":[{"href":"https:\/\/hoschool.it\/it\/wp-json\/wp\/v2\/pages\/957\/"}],"collection":[{"href":"https:\/\/hoschool.it\/it\/wp-json\/wp\/v2\/pages\/"}],"about":[{"href":"https:\/\/hoschool.it\/it\/wp-json\/wp\/v2\/types\/page\/"}],"author":[{"embeddable":true,"href":"https:\/\/hoschool.it\/it\/wp-json\/wp\/v2\/users\/1\/"}],"replies":[{"embeddable":true,"href":"https:\/\/hoschool.it\/it\/wp-json\/wp\/v2\/comments\/?post=957"}],"version-history":[{"count":4,"href":"https:\/\/hoschool.it\/it\/wp-json\/wp\/v2\/pages\/957\/revisions\/"}],"predecessor-version":[{"id":990,"href":"https:\/\/hoschool.it\/it\/wp-json\/wp\/v2\/pages\/957\/revisions\/990\/"}],"wp:attachment":[{"href":"https:\/\/hoschool.it\/it\/wp-json\/wp\/v2\/media\/?parent=957"}],"curies":[{"name":"wp","href":"https:\/\/api.w.org\/{rel}","templated":true}]}}