






{"id":947,"date":"2021-05-29T00:45:51","date_gmt":"2021-05-29T00:45:51","guid":{"rendered":"https:\/\/hoschool.it\/student-life\/"},"modified":"2021-06-15T20:53:38","modified_gmt":"2021-06-15T20:53:38","slug":"vita-studentesca","status":"publish","type":"page","link":"https:\/\/hoschool.it\/it\/vita-studentesca\/","title":{"rendered":"Vita studentesca"},"content":{"rendered":"<h3><span style=\"color: #cc8809;\">Tutte le strade portano a Roma!<\/span><\/h3>\n<p style=\"text-align: justify;\">Benvenuti a Roma, la capitale d&#8217;Italia, che offre una grande esperienza di studio e di vita! Nella vita di chiunque il percorso studentesco \u00e8 un momento significativo. La vita di tutti i giorni a Roma pu\u00f2 essere un&#8217;avventura o una sfida, la pazienza smette di essere una virt\u00f9 e diventa una necessit\u00e0 quando hai a che fare con Roma &#8211; \u00e8 meglio venire preparati e avere una buona comprensione dello stile di vita italiano,il ritmo e peculiarit\u00e0.<\/p>\n<div class=\"row clearfix\">\t\r\n\t\t<div class=\"content-column col-lg-6 col-md-12 col-sm-12\">\r\n\t\t\t<div class=\"inner-column\">\n<p style=\"text-align: justify;\">Roma ha una storia che abbraccia millenni, Roma \u00e8 una citt\u00e0 che richiede una vita per scoprire e contiene viste e monumenti quasi infiniti attraverso il suo vasto territorio. Mentre molti di questi sono liste di cose da fare e famose dei viaggiatori, la Citt\u00e0 Eterna ha la sua parte di luoghi nascosti che anche la gente del posto trascura.<\/p>\n<\/div>\r\n\t\t<\/div>\r\n\t\t\t<div class=\"image-column col-lg-6 col-md-12 col-sm-12\">\r\n\t\t\t<div class=\"inner-column\">\r\n\t\t\t\t<div class=\"image\">\r\n\t\t\t\t\t<img src=\"https:\/\/hoschool.it\/wp-content\/uploads\/2021\/05\/iStock-534799507-scaled.jpg\" alt=\"\">\r\n\t\t\t\t<\/div>\r\n\t\t\t<\/div>\r\n\t\t<\/div>\r\n\t<\/div>\n<p><strong>Controlla qui per sapere cosa aspettarsi dalla Citt\u00e0 Eterna di Roma e alcuni altri consigli utili.<\/strong><\/p>\n<p class=\"gde-text\"><a href=\"https:\/\/hoschool.it\/wp-content\/uploads\/2021\/06\/When-in-Rome-What-to-Expect-from-the-Eternal-City.pdf\" class=\"gde-link\">Download<\/a><\/p>\n<iframe src=\"\/\/docs.google.com\/viewer?url=https%3A%2F%2Fhoschool.it%2Fwp-content%2Fuploads%2F2021%2F06%2FWhen-in-Rome-What-to-Expect-from-the-Eternal-City.pdf&hl=in&embedded=true\" class=\"gde-frame\" style=\"width:100%; height:550px; border: none;\" scrolling=\"no\"><\/iframe>\n<p>&nbsp;<\/p>\n<hr \/>\n<h3><span style=\"color: #cc8809;\">Gli studenti di Italian Hospitality School condividono le loro esperienze<\/span><\/h3>\n<p style=\"text-align: center;\"><iframe loading=\"lazy\" src=\"\/\/www.youtube.com\/embed\/rwvHLhVY8V8\" width=\"560\" height=\"314\" allowfullscreen=\"allowfullscreen\"><\/iframe><\/p>\n<p style=\"text-align: center;\"><iframe loading=\"lazy\" src=\"\/\/www.youtube.com\/embed\/qv9dIufIc4M\" width=\"560\" height=\"314\" allowfullscreen=\"allowfullscreen\"><\/iframe><\/p>\n\t\t<div class=\"igalry\"><!-- Inline gallery start -->\r\n\t\t\t\t\t\t<h4>La vita studentesca in immagini<\/h4>\r\n\t\t\t<hr \/>\r\n\t\t\t\t\t\t<div class=\"row\">\r\n\t\t\t\t\t\t<div class=\"col-xs-12 col-sm-6 col-md-4\" style=\"margin-bottom: 5px;\">\r\n\t\t\t\t\t<div class=\"gallery-block\">\r\n\t\t\t\t\t\t<div class=\"inner-box\">\r\n\t\t\t\t\t\t\t<div class=\"image-box\">\r\n\t\t\t\t\t\t\t\t<img src=\"https:\/\/hoschool.it\/wp-content\/uploads\/2021\/06\/IMG-20210608-WA0033-580x435.jpg\" alt=\"\">\r\n\t\t\t\t\t\t\t\t<div class=\"overlay-box\">\r\n\t\t\t\t\t\t\t\t\t<div class=\"overlay-inner\">\r\n\t\t\t\t\t\t\t\t\t\t<div class=\"content\">\r\n\t\t\t\t\t\t\t\t\t\t\t<a href=\"https:\/\/hoschool.it\/wp-content\/uploads\/2021\/06\/IMG-20210608-WA0033.jpg\" class=\"link-arrow flaticon-loupe-1\" data-fancybox=\"JJMG3\" data-caption=\"\"><\/a>\r\n\t\t\t\t\t\t\t\t\t\t<\/div>\r\n\t\t\t\t\t\t\t\t\t<\/div>\r\n\t\t\t\t\t\t\t\t<\/div>\r\n\t\t\t\t\t\t\t<\/div>\r\n\t\t\t\t\t\t<\/div>\r\n\t\t\t\t\t<\/div>\t\r\n\t\t\t\t<\/div>\r\n\t\t\t\t\r\n\t\t\t\t\t\r\n\r\n\t\t\t\t\t\t\t<div class=\"col-xs-12 col-sm-6 col-md-4\" style=\"margin-bottom: 5px;\">\r\n\t\t\t\t\t<div class=\"gallery-block\">\r\n\t\t\t\t\t\t<div class=\"inner-box\">\r\n\t\t\t\t\t\t\t<div class=\"image-box\">\r\n\t\t\t\t\t\t\t\t<img src=\"https:\/\/hoschool.it\/wp-content\/uploads\/2021\/06\/IMG-20210608-WA0032-580x435.jpg\" alt=\"\">\r\n\t\t\t\t\t\t\t\t<div class=\"overlay-box\">\r\n\t\t\t\t\t\t\t\t\t<div class=\"overlay-inner\">\r\n\t\t\t\t\t\t\t\t\t\t<div class=\"content\">\r\n\t\t\t\t\t\t\t\t\t\t\t<a href=\"https:\/\/hoschool.it\/wp-content\/uploads\/2021\/06\/IMG-20210608-WA0032.jpg\" class=\"link-arrow flaticon-loupe-1\" data-fancybox=\"JJMG3\" data-caption=\"\"><\/a>\r\n\t\t\t\t\t\t\t\t\t\t<\/div>\r\n\t\t\t\t\t\t\t\t\t<\/div>\r\n\t\t\t\t\t\t\t\t<\/div>\r\n\t\t\t\t\t\t\t<\/div>\r\n\t\t\t\t\t\t<\/div>\r\n\t\t\t\t\t<\/div>\t\r\n\t\t\t\t<\/div>\r\n\t\t\t\t\r\n\t\t\t\t\t\r\n\r\n\t\t\t\t\t\t\t<div class=\"col-xs-12 col-sm-6 col-md-4\" style=\"margin-bottom: 5px;\">\r\n\t\t\t\t\t<div class=\"gallery-block\">\r\n\t\t\t\t\t\t<div class=\"inner-box\">\r\n\t\t\t\t\t\t\t<div class=\"image-box\">\r\n\t\t\t\t\t\t\t\t<img src=\"https:\/\/hoschool.it\/wp-content\/uploads\/2021\/06\/IMG-20210608-WA0036-580x435.jpg\" alt=\"\">\r\n\t\t\t\t\t\t\t\t<div class=\"overlay-box\">\r\n\t\t\t\t\t\t\t\t\t<div class=\"overlay-inner\">\r\n\t\t\t\t\t\t\t\t\t\t<div class=\"content\">\r\n\t\t\t\t\t\t\t\t\t\t\t<a href=\"https:\/\/hoschool.it\/wp-content\/uploads\/2021\/06\/IMG-20210608-WA0036.jpg\" class=\"link-arrow flaticon-loupe-1\" data-fancybox=\"JJMG3\" data-caption=\"\"><\/a>\r\n\t\t\t\t\t\t\t\t\t\t<\/div>\r\n\t\t\t\t\t\t\t\t\t<\/div>\r\n\t\t\t\t\t\t\t\t<\/div>\r\n\t\t\t\t\t\t\t<\/div>\r\n\t\t\t\t\t\t<\/div>\r\n\t\t\t\t\t<\/div>\t\r\n\t\t\t\t<\/div>\r\n\t\t\t\t\r\n\t\t\t\t\t\r\n\r\n\t\t\t\t\t\t\t<div class=\"col-xs-12 col-sm-6 col-md-4\" style=\"margin-bottom: 5px;\">\r\n\t\t\t\t\t<div class=\"gallery-block\">\r\n\t\t\t\t\t\t<div class=\"inner-box\">\r\n\t\t\t\t\t\t\t<div class=\"image-box\">\r\n\t\t\t\t\t\t\t\t<img src=\"https:\/\/hoschool.it\/wp-content\/uploads\/2021\/06\/IMG_20210605_090059-580x435.jpg\" alt=\"\">\r\n\t\t\t\t\t\t\t\t<div class=\"overlay-box\">\r\n\t\t\t\t\t\t\t\t\t<div class=\"overlay-inner\">\r\n\t\t\t\t\t\t\t\t\t\t<div class=\"content\">\r\n\t\t\t\t\t\t\t\t\t\t\t<a href=\"https:\/\/hoschool.it\/wp-content\/uploads\/2021\/06\/IMG_20210605_090059-scaled.jpg\" class=\"link-arrow flaticon-loupe-1\" data-fancybox=\"JJMG3\" data-caption=\"\"><\/a>\r\n\t\t\t\t\t\t\t\t\t\t<\/div>\r\n\t\t\t\t\t\t\t\t\t<\/div>\r\n\t\t\t\t\t\t\t\t<\/div>\r\n\t\t\t\t\t\t\t<\/div>\r\n\t\t\t\t\t\t<\/div>\r\n\t\t\t\t\t<\/div>\t\r\n\t\t\t\t<\/div>\r\n\t\t\t\t\r\n\t\t\t\t\t\r\n\r\n\t\t\t\t\t\t\t<div class=\"col-xs-12 col-sm-6 col-md-4\" style=\"margin-bottom: 5px;\">\r\n\t\t\t\t\t<div class=\"gallery-block\">\r\n\t\t\t\t\t\t<div class=\"inner-box\">\r\n\t\t\t\t\t\t\t<div class=\"image-box\">\r\n\t\t\t\t\t\t\t\t<img src=\"https:\/\/hoschool.it\/wp-content\/uploads\/2021\/06\/IMG_20210603_130817-580x435.jpg\" alt=\"\">\r\n\t\t\t\t\t\t\t\t<div class=\"overlay-box\">\r\n\t\t\t\t\t\t\t\t\t<div class=\"overlay-inner\">\r\n\t\t\t\t\t\t\t\t\t\t<div class=\"content\">\r\n\t\t\t\t\t\t\t\t\t\t\t<a href=\"https:\/\/hoschool.it\/wp-content\/uploads\/2021\/06\/IMG_20210603_130817-scaled.jpg\" class=\"link-arrow flaticon-loupe-1\" data-fancybox=\"JJMG3\" data-caption=\"\"><\/a>\r\n\t\t\t\t\t\t\t\t\t\t<\/div>\r\n\t\t\t\t\t\t\t\t\t<\/div>\r\n\t\t\t\t\t\t\t\t<\/div>\r\n\t\t\t\t\t\t\t<\/div>\r\n\t\t\t\t\t\t<\/div>\r\n\t\t\t\t\t<\/div>\t\r\n\t\t\t\t<\/div>\r\n\t\t\t\t\r\n\t\t\t\t\t\r\n\r\n\t\t\t\t\t\t\t<div class=\"col-xs-12 col-sm-6 col-md-4\" style=\"margin-bottom: 5px;\">\r\n\t\t\t\t\t<div class=\"gallery-block\">\r\n\t\t\t\t\t\t<div class=\"inner-box\">\r\n\t\t\t\t\t\t\t<div class=\"image-box\">\r\n\t\t\t\t\t\t\t\t<img src=\"https:\/\/hoschool.it\/wp-content\/uploads\/2021\/05\/IMG-20210225-WA0008-580x435.jpg\" alt=\"\">\r\n\t\t\t\t\t\t\t\t<div class=\"overlay-box\">\r\n\t\t\t\t\t\t\t\t\t<div class=\"overlay-inner\">\r\n\t\t\t\t\t\t\t\t\t\t<div class=\"content\">\r\n\t\t\t\t\t\t\t\t\t\t\t<a href=\"https:\/\/hoschool.it\/wp-content\/uploads\/2021\/05\/IMG-20210225-WA0008.jpg\" class=\"link-arrow flaticon-loupe-1\" data-fancybox=\"JJMG3\" data-caption=\"\"><\/a>\r\n\t\t\t\t\t\t\t\t\t\t<\/div>\r\n\t\t\t\t\t\t\t\t\t<\/div>\r\n\t\t\t\t\t\t\t\t<\/div>\r\n\t\t\t\t\t\t\t<\/div>\r\n\t\t\t\t\t\t<\/div>\r\n\t\t\t\t\t<\/div>\t\r\n\t\t\t\t<\/div>\r\n\t\t\t\t\r\n\t\t\t\t\t\r\n\r\n\t\t\t\t\t\t\t<div class=\"col-xs-12 col-sm-6 col-md-4\" style=\"margin-bottom: 5px;\">\r\n\t\t\t\t\t<div class=\"gallery-block\">\r\n\t\t\t\t\t\t<div class=\"inner-box\">\r\n\t\t\t\t\t\t\t<div class=\"image-box\">\r\n\t\t\t\t\t\t\t\t<img src=\"https:\/\/hoschool.it\/wp-content\/uploads\/2021\/06\/6C1ABF67-DFD4-4891-848D-34AC543493A0-scaled.jpeg\" alt=\"\">\r\n\t\t\t\t\t\t\t\t<div class=\"overlay-box\">\r\n\t\t\t\t\t\t\t\t\t<div class=\"overlay-inner\">\r\n\t\t\t\t\t\t\t\t\t\t<div class=\"content\">\r\n\t\t\t\t\t\t\t\t\t\t\t<a href=\"https:\/\/hoschool.it\/wp-content\/uploads\/2021\/06\/6C1ABF67-DFD4-4891-848D-34AC543493A0-scaled.jpeg\" class=\"link-arrow flaticon-loupe-1\" data-fancybox=\"JJMG3\" data-caption=\"\"><\/a>\r\n\t\t\t\t\t\t\t\t\t\t<\/div>\r\n\t\t\t\t\t\t\t\t\t<\/div>\r\n\t\t\t\t\t\t\t\t<\/div>\r\n\t\t\t\t\t\t\t<\/div>\r\n\t\t\t\t\t\t<\/div>\r\n\t\t\t\t\t<\/div>\t\r\n\t\t\t\t<\/div>\r\n\t\t\t\t\r\n\t\t\t\t\t\r\n\r\n\t\t\t\t\t\t\t<div class=\"col-xs-12 col-sm-6 col-md-4\" style=\"margin-bottom: 5px;\">\r\n\t\t\t\t\t<div class=\"gallery-block\">\r\n\t\t\t\t\t\t<div class=\"inner-box\">\r\n\t\t\t\t\t\t\t<div class=\"image-box\">\r\n\t\t\t\t\t\t\t\t<img src=\"https:\/\/hoschool.it\/wp-content\/uploads\/2021\/06\/97C1A023-DE83-4138-93D0-2D8F4B02356B-scaled.jpeg\" alt=\"\">\r\n\t\t\t\t\t\t\t\t<div class=\"overlay-box\">\r\n\t\t\t\t\t\t\t\t\t<div class=\"overlay-inner\">\r\n\t\t\t\t\t\t\t\t\t\t<div class=\"content\">\r\n\t\t\t\t\t\t\t\t\t\t\t<a href=\"https:\/\/hoschool.it\/wp-content\/uploads\/2021\/06\/97C1A023-DE83-4138-93D0-2D8F4B02356B-scaled.jpeg\" class=\"link-arrow flaticon-loupe-1\" data-fancybox=\"JJMG3\" data-caption=\"\"><\/a>\r\n\t\t\t\t\t\t\t\t\t\t<\/div>\r\n\t\t\t\t\t\t\t\t\t<\/div>\r\n\t\t\t\t\t\t\t\t<\/div>\r\n\t\t\t\t\t\t\t<\/div>\r\n\t\t\t\t\t\t<\/div>\r\n\t\t\t\t\t<\/div>\t\r\n\t\t\t\t<\/div>\r\n\t\t\t\t\r\n\t\t\t\t\t\r\n\r\n\t\t\t\t\t\t\t<div class=\"col-xs-12 col-sm-6 col-md-4\" style=\"margin-bottom: 5px;\">\r\n\t\t\t\t\t<div class=\"gallery-block\">\r\n\t\t\t\t\t\t<div class=\"inner-box\">\r\n\t\t\t\t\t\t\t<div class=\"image-box\">\r\n\t\t\t\t\t\t\t\t<img src=\"https:\/\/hoschool.it\/wp-content\/uploads\/2021\/06\/0CE0D222-1AE6-49D8-8DEC-4D576A1D5CF5-scaled.jpeg\" alt=\"\">\r\n\t\t\t\t\t\t\t\t<div class=\"overlay-box\">\r\n\t\t\t\t\t\t\t\t\t<div class=\"overlay-inner\">\r\n\t\t\t\t\t\t\t\t\t\t<div class=\"content\">\r\n\t\t\t\t\t\t\t\t\t\t\t<a href=\"https:\/\/hoschool.it\/wp-content\/uploads\/2021\/06\/0CE0D222-1AE6-49D8-8DEC-4D576A1D5CF5-scaled.jpeg\" class=\"link-arrow flaticon-loupe-1\" data-fancybox=\"JJMG3\" data-caption=\"\"><\/a>\r\n\t\t\t\t\t\t\t\t\t\t<\/div>\r\n\t\t\t\t\t\t\t\t\t<\/div>\r\n\t\t\t\t\t\t\t\t<\/div>\r\n\t\t\t\t\t\t\t<\/div>\r\n\t\t\t\t\t\t<\/div>\r\n\t\t\t\t\t<\/div>\t\r\n\t\t\t\t<\/div>\r\n\t\t\t\t\r\n\t\t\t\t\t\r\n\r\n\t\t\t\t\t\t\t<div class=\"col-xs-12 col-sm-6 col-md-4\" style=\"margin-bottom: 5px;\">\r\n\t\t\t\t\t<div class=\"gallery-block\">\r\n\t\t\t\t\t\t<div class=\"inner-box\">\r\n\t\t\t\t\t\t\t<div class=\"image-box\">\r\n\t\t\t\t\t\t\t\t<img src=\"https:\/\/hoschool.it\/wp-content\/uploads\/2021\/06\/IMG_1270-580x435.jpg\" alt=\"\">\r\n\t\t\t\t\t\t\t\t<div class=\"overlay-box\">\r\n\t\t\t\t\t\t\t\t\t<div class=\"overlay-inner\">\r\n\t\t\t\t\t\t\t\t\t\t<div class=\"content\">\r\n\t\t\t\t\t\t\t\t\t\t\t<a href=\"https:\/\/hoschool.it\/wp-content\/uploads\/2021\/06\/IMG_1270-rotated.jpg\" class=\"link-arrow flaticon-loupe-1\" data-fancybox=\"JJMG3\" data-caption=\"\"><\/a>\r\n\t\t\t\t\t\t\t\t\t\t<\/div>\r\n\t\t\t\t\t\t\t\t\t<\/div>\r\n\t\t\t\t\t\t\t\t<\/div>\r\n\t\t\t\t\t\t\t<\/div>\r\n\t\t\t\t\t\t<\/div>\r\n\t\t\t\t\t<\/div>\t\r\n\t\t\t\t<\/div>\r\n\t\t\t\t\r\n\t\t\t\t\t\r\n\r\n\t\t\t\t\t\t\t<div class=\"col-xs-12 col-sm-6 col-md-4\" style=\"margin-bottom: 5px;\">\r\n\t\t\t\t\t<div class=\"gallery-block\">\r\n\t\t\t\t\t\t<div class=\"inner-box\">\r\n\t\t\t\t\t\t\t<div class=\"image-box\">\r\n\t\t\t\t\t\t\t\t<img src=\"https:\/\/hoschool.it\/wp-content\/uploads\/2021\/06\/IMG-20210608-WA0026-e1623182590639-580x435.jpg\" alt=\"\">\r\n\t\t\t\t\t\t\t\t<div class=\"overlay-box\">\r\n\t\t\t\t\t\t\t\t\t<div class=\"overlay-inner\">\r\n\t\t\t\t\t\t\t\t\t\t<div class=\"content\">\r\n\t\t\t\t\t\t\t\t\t\t\t<a href=\"https:\/\/hoschool.it\/wp-content\/uploads\/2021\/06\/IMG-20210608-WA0026-e1623182590639.jpg\" class=\"link-arrow flaticon-loupe-1\" data-fancybox=\"JJMG3\" data-caption=\"\"><\/a>\r\n\t\t\t\t\t\t\t\t\t\t<\/div>\r\n\t\t\t\t\t\t\t\t\t<\/div>\r\n\t\t\t\t\t\t\t\t<\/div>\r\n\t\t\t\t\t\t\t<\/div>\r\n\t\t\t\t\t\t<\/div>\r\n\t\t\t\t\t<\/div>\t\r\n\t\t\t\t<\/div>\r\n\t\t\t\t\r\n\t\t\t\t\t\r\n\r\n\t\t\t\t\t\t\t<div class=\"col-xs-12 col-sm-6 col-md-4\" style=\"margin-bottom: 5px;\">\r\n\t\t\t\t\t<div class=\"gallery-block\">\r\n\t\t\t\t\t\t<div class=\"inner-box\">\r\n\t\t\t\t\t\t\t<div class=\"image-box\">\r\n\t\t\t\t\t\t\t\t<img src=\"https:\/\/hoschool.it\/wp-content\/uploads\/2021\/06\/IMG-20210608-WA0035-580x435.jpg\" alt=\"\">\r\n\t\t\t\t\t\t\t\t<div class=\"overlay-box\">\r\n\t\t\t\t\t\t\t\t\t<div class=\"overlay-inner\">\r\n\t\t\t\t\t\t\t\t\t\t<div class=\"content\">\r\n\t\t\t\t\t\t\t\t\t\t\t<a href=\"https:\/\/hoschool.it\/wp-content\/uploads\/2021\/06\/IMG-20210608-WA0035.jpg\" class=\"link-arrow flaticon-loupe-1\" data-fancybox=\"JJMG3\" data-caption=\"\"><\/a>\r\n\t\t\t\t\t\t\t\t\t\t<\/div>\r\n\t\t\t\t\t\t\t\t\t<\/div>\r\n\t\t\t\t\t\t\t\t<\/div>\r\n\t\t\t\t\t\t\t<\/div>\r\n\t\t\t\t\t\t<\/div>\r\n\t\t\t\t\t<\/div>\t\r\n\t\t\t\t<\/div>\r\n\t\t\t\t\r\n\t\t\t\t\t\r\n\r\n\t\t\t\t\t\t<\/div>\r\n\t\t<\/div><!-- Inline gallery end -->\r\n\r\n\r\n\t\n<p>&nbsp;<\/p>\n<hr \/>\n<h3><span style=\"color: #cc8809;\">Alcuni consigli utili dagli studenti internazionali in Italia<\/span><\/h3>\n<p style=\"text-align: center;\"><iframe loading=\"lazy\" src=\"\/\/www.youtube.com\/embed\/4UtKUNpny_8?t=167s\" width=\"560\" height=\"314\" allowfullscreen=\"allowfullscreen\"><\/iframe><\/p>\n<p style=\"text-align: center;\"><iframe loading=\"lazy\" src=\"\/\/www.youtube.com\/embed\/mioXE7c8Wp4\" width=\"560\" height=\"314\" allowfullscreen=\"allowfullscreen\"><\/iframe><\/p>\n<p style=\"text-align: justify;\"><em>I video sono forniti dal <a href=\"https:\/\/www.esteri.it\/mae\/it\/\" target=\"_blank\" rel=\"noopener\">Ministero degli Affari Esteri e della Cooperazione Internazionale<\/a> per la promozione della lingua, della cultura e della creativit\u00e0 italiana nel mondo.<\/em><\/p>\n<hr \/>\n<p>&nbsp;<\/p>\n","protected":false},"excerpt":{"rendered":"<p>Tutte le strade portano a Roma! Benvenuti a Roma, la capitale d&#8217;Italia, che offre una grande esperienza di studio e di vita! Nella vita di chiunque il percorso studentesco \u00e8 un momento significativo. La vita di tutti i giorni a Roma pu\u00f2 essere un&#8217;avventura o una sfida, la pazienza smette di essere una virt\u00f9 e [&hellip;]<\/p>\n","protected":false},"author":1,"featured_media":115,"parent":0,"menu_order":0,"comment_status":"closed","ping_status":"open","template":"","meta":[],"_links":{"self":[{"href":"https:\/\/hoschool.it\/it\/wp-json\/wp\/v2\/pages\/947\/"}],"collection":[{"href":"https:\/\/hoschool.it\/it\/wp-json\/wp\/v2\/pages\/"}],"about":[{"href":"https:\/\/hoschool.it\/it\/wp-json\/wp\/v2\/types\/page\/"}],"author":[{"embeddable":true,"href":"https:\/\/hoschool.it\/it\/wp-json\/wp\/v2\/users\/1\/"}],"replies":[{"embeddable":true,"href":"https:\/\/hoschool.it\/it\/wp-json\/wp\/v2\/comments\/?post=947"}],"version-history":[{"count":5,"href":"https:\/\/hoschool.it\/it\/wp-json\/wp\/v2\/pages\/947\/revisions\/"}],"predecessor-version":[{"id":1017,"href":"https:\/\/hoschool.it\/it\/wp-json\/wp\/v2\/pages\/947\/revisions\/1017\/"}],"wp:featuredmedia":[{"embeddable":true,"href":"https:\/\/hoschool.it\/it\/wp-json\/wp\/v2\/media\/115\/"}],"wp:attachment":[{"href":"https:\/\/hoschool.it\/it\/wp-json\/wp\/v2\/media\/?parent=947"}],"curies":[{"name":"wp","href":"https:\/\/api.w.org\/{rel}","templated":true}]}}