






{"id":3366,"date":"2026-05-07T07:54:20","date_gmt":"2026-05-07T07:54:20","guid":{"rendered":"https:\/\/hoschool.it\/?page_id=3366"},"modified":"2026-05-07T09:24:50","modified_gmt":"2026-05-07T09:24:50","slug":"master-chef-simulator-formazione-in-gastronomia-sostenibile-attraverso-la-vr","status":"publish","type":"page","link":"https:\/\/hoschool.it\/it\/master-chef-simulator-formazione-in-gastronomia-sostenibile-attraverso-la-vr\/","title":{"rendered":"Master Chef Simulator: Formazione in Gastronomia Sostenibile attraverso la VR"},"content":{"rendered":"<h3><span style=\"color: #cc8809;\">\u201cMaster Chef Simulator: Sustainable Gastronomy Training Through VR\u201d<br \/>\n<\/span><\/h3>\n<ul>\n<li><strong>Coordinatore del Progetto:<\/strong> Universit\u00e0 di Karabuk<\/li>\n<li><strong>Progetto n.<\/strong> 2024-1-TR01-KA220-VET-000245625<\/li>\n<li><b data-path-to-node=\"0\" data-index-in-node=\"222\">Periodo di attuazione:<\/b> 1 dicembre 2024 \u2013 30 novembre 2026<\/li>\n<\/ul>\n<p style=\"text-align: justify;\">Il progetto si concentra sul potenziamento dell&#8217;educazione alla gastronomia sostenibile integrando strumenti VR (Realt\u00e0 Virtuale) immersivi nella formazione professionale. Mira a fornire agli studenti competenze pratiche, promuovere pratiche culinarie ecologicamente responsabili e modernizzare le metodologie di formazione presso le istituzioni partner.<\/p>\n<p style=\"text-align: justify;\"><strong>Risultati e Attivit\u00e0 Attesi:<\/strong><\/p>\n<ul>\n<li>Sviluppo di un modulo di formazione professionale innovativo<\/li>\n<li>Creazione di applicazioni in realt\u00e0 virtuale per la formazione gastronomica<\/li>\n<li>Attuazione di programmi di formazione pilota<\/li>\n<li>Organizzazione di un Congresso Internazionale sulla Gastronomia Sostenibile<\/li>\n<li>Erogazione di attivit\u00e0 di Apprendimento<\/li>\n<li>Insegnamento e Formazione (LTT)<\/li>\n<\/ul>\n<p style=\"text-align: justify;\">Questo progetto riunisce un consorzio diversificato ed esperto di partner internazionali:<\/p>\n<ul>\n<li>Karabuk University (Coordinatore)<\/li>\n<li>Karab\u00fck \u0130l Milli E\u011fitim M\u00fcd\u00fcrl\u00fc\u011f\u00fc<\/li>\n<li>SIA HOTEL SCHOOL Hotel Business College<\/li>\n<li>Italian Hospitality School SRL<\/li>\n<li>Mengen Ascilar Mesleki ve Teknik Anadolu Lises<\/li>\n<li>CODLAB AI Yaz\u0131l\u0131m Ticaret Limited \u015eirketi<\/li>\n<li>Zesp\u00f3\u0142 Szk\u00f3\u0142 No 1<\/li>\n<li>SMARTS Private Company<\/li>\n<\/ul>\n<p style=\"text-align: justify;\"><strong>Il Nostro Contributo<\/strong><\/p>\n<p style=\"text-align: justify;\">In qualit\u00e0 di partner del progetto, contribuiamo attivamente allo sviluppo di soluzioni formative innovative e supportiamo l&#8217;integrazione di pratiche sostenibili nella formazione alberghiera. Attraverso la collaborazione e lo scambio di conoscenze, miriamo a preparare i futuri professionisti alle esigenze in continua evoluzione del settore gastronomico.<\/p>\n<hr \/>\n<h3><span style=\"color: #cc8809;\">Notizie del progetto<\/span><\/h3>\n<ul>\n<li><a href=\"https:\/\/hoschool.it\/it\/partecipazione-alle-attivita-ltta-in-grecia\/\">Partecipazione alle attivit\u00e0 LTTA in Grecia<\/a><\/li>\n<li><a href=\"https:\/\/hoschool.it\/it\/partecipazione-alle-attivita-ltta-a-riga\/\">Partecipazione alle attivit\u00e0 LTTA a Riga<\/a><\/li>\n<\/ul>\n\t\t<div class=\"igalry\"><!-- Inline gallery start -->\r\n\t\t\t\t\t\t<h4>Approfondimenti sulle attivit\u00e0 del progetto<\/h4>\r\n\t\t\t<hr \/>\r\n\t\t\t\t\t\t<div class=\"row\">\r\n\t\t\t\t\t\t<div class=\"col-xs-12 col-sm-6 col-md-4\" style=\"margin-bottom: 5px;\">\r\n\t\t\t\t\t<div class=\"gallery-block\">\r\n\t\t\t\t\t\t<div class=\"inner-box\">\r\n\t\t\t\t\t\t\t<div class=\"image-box\">\r\n\t\t\t\t\t\t\t\t<img src=\"https:\/\/hoschool.it\/wp-content\/uploads\/2026\/05\/1-580x435.png\" alt=\"\">\r\n\t\t\t\t\t\t\t\t<div class=\"overlay-box\">\r\n\t\t\t\t\t\t\t\t\t<div class=\"overlay-inner\">\r\n\t\t\t\t\t\t\t\t\t\t<div class=\"content\">\r\n\t\t\t\t\t\t\t\t\t\t\t<a href=\"https:\/\/hoschool.it\/wp-content\/uploads\/2026\/05\/1.png\" class=\"link-arrow flaticon-loupe-1\" data-fancybox=\"L5K3W\" data-caption=\"\"><\/a>\r\n\t\t\t\t\t\t\t\t\t\t<\/div>\r\n\t\t\t\t\t\t\t\t\t<\/div>\r\n\t\t\t\t\t\t\t\t<\/div>\r\n\t\t\t\t\t\t\t<\/div>\r\n\t\t\t\t\t\t<\/div>\r\n\t\t\t\t\t<\/div>\t\r\n\t\t\t\t<\/div>\r\n\t\t\t\t\r\n\t\t\t\t\t\r\n\r\n\t\t\t\t\t\t\t<div class=\"col-xs-12 col-sm-6 col-md-4\" style=\"margin-bottom: 5px;\">\r\n\t\t\t\t\t<div class=\"gallery-block\">\r\n\t\t\t\t\t\t<div class=\"inner-box\">\r\n\t\t\t\t\t\t\t<div class=\"image-box\">\r\n\t\t\t\t\t\t\t\t<img src=\"https:\/\/hoschool.it\/wp-content\/uploads\/2026\/05\/2-580x435.png\" alt=\"\">\r\n\t\t\t\t\t\t\t\t<div class=\"overlay-box\">\r\n\t\t\t\t\t\t\t\t\t<div class=\"overlay-inner\">\r\n\t\t\t\t\t\t\t\t\t\t<div class=\"content\">\r\n\t\t\t\t\t\t\t\t\t\t\t<a href=\"https:\/\/hoschool.it\/wp-content\/uploads\/2026\/05\/2.png\" class=\"link-arrow flaticon-loupe-1\" data-fancybox=\"L5K3W\" data-caption=\"\"><\/a>\r\n\t\t\t\t\t\t\t\t\t\t<\/div>\r\n\t\t\t\t\t\t\t\t\t<\/div>\r\n\t\t\t\t\t\t\t\t<\/div>\r\n\t\t\t\t\t\t\t<\/div>\r\n\t\t\t\t\t\t<\/div>\r\n\t\t\t\t\t<\/div>\t\r\n\t\t\t\t<\/div>\r\n\t\t\t\t\r\n\t\t\t\t\t\r\n\r\n\t\t\t\t\t\t\t<div class=\"col-xs-12 col-sm-6 col-md-4\" style=\"margin-bottom: 5px;\">\r\n\t\t\t\t\t<div class=\"gallery-block\">\r\n\t\t\t\t\t\t<div class=\"inner-box\">\r\n\t\t\t\t\t\t\t<div class=\"image-box\">\r\n\t\t\t\t\t\t\t\t<img src=\"https:\/\/hoschool.it\/wp-content\/uploads\/2026\/05\/3-580x435.png\" alt=\"\">\r\n\t\t\t\t\t\t\t\t<div class=\"overlay-box\">\r\n\t\t\t\t\t\t\t\t\t<div class=\"overlay-inner\">\r\n\t\t\t\t\t\t\t\t\t\t<div class=\"content\">\r\n\t\t\t\t\t\t\t\t\t\t\t<a href=\"https:\/\/hoschool.it\/wp-content\/uploads\/2026\/05\/3.png\" class=\"link-arrow flaticon-loupe-1\" data-fancybox=\"L5K3W\" data-caption=\"\"><\/a>\r\n\t\t\t\t\t\t\t\t\t\t<\/div>\r\n\t\t\t\t\t\t\t\t\t<\/div>\r\n\t\t\t\t\t\t\t\t<\/div>\r\n\t\t\t\t\t\t\t<\/div>\r\n\t\t\t\t\t\t<\/div>\r\n\t\t\t\t\t<\/div>\t\r\n\t\t\t\t<\/div>\r\n\t\t\t\t\r\n\t\t\t\t\t\r\n\r\n\t\t\t\t\t\t\t<div class=\"col-xs-12 col-sm-6 col-md-4\" style=\"margin-bottom: 5px;\">\r\n\t\t\t\t\t<div class=\"gallery-block\">\r\n\t\t\t\t\t\t<div class=\"inner-box\">\r\n\t\t\t\t\t\t\t<div class=\"image-box\">\r\n\t\t\t\t\t\t\t\t<img src=\"https:\/\/hoschool.it\/wp-content\/uploads\/2026\/05\/4-580x435.png\" alt=\"\">\r\n\t\t\t\t\t\t\t\t<div class=\"overlay-box\">\r\n\t\t\t\t\t\t\t\t\t<div class=\"overlay-inner\">\r\n\t\t\t\t\t\t\t\t\t\t<div class=\"content\">\r\n\t\t\t\t\t\t\t\t\t\t\t<a href=\"https:\/\/hoschool.it\/wp-content\/uploads\/2026\/05\/4.png\" class=\"link-arrow flaticon-loupe-1\" data-fancybox=\"L5K3W\" data-caption=\"\"><\/a>\r\n\t\t\t\t\t\t\t\t\t\t<\/div>\r\n\t\t\t\t\t\t\t\t\t<\/div>\r\n\t\t\t\t\t\t\t\t<\/div>\r\n\t\t\t\t\t\t\t<\/div>\r\n\t\t\t\t\t\t<\/div>\r\n\t\t\t\t\t<\/div>\t\r\n\t\t\t\t<\/div>\r\n\t\t\t\t\r\n\t\t\t\t\t\r\n\r\n\t\t\t\t\t\t\t<div class=\"col-xs-12 col-sm-6 col-md-4\" style=\"margin-bottom: 5px;\">\r\n\t\t\t\t\t<div class=\"gallery-block\">\r\n\t\t\t\t\t\t<div class=\"inner-box\">\r\n\t\t\t\t\t\t\t<div class=\"image-box\">\r\n\t\t\t\t\t\t\t\t<img src=\"https:\/\/hoschool.it\/wp-content\/uploads\/2026\/05\/5-580x435.png\" alt=\"\">\r\n\t\t\t\t\t\t\t\t<div class=\"overlay-box\">\r\n\t\t\t\t\t\t\t\t\t<div class=\"overlay-inner\">\r\n\t\t\t\t\t\t\t\t\t\t<div class=\"content\">\r\n\t\t\t\t\t\t\t\t\t\t\t<a href=\"https:\/\/hoschool.it\/wp-content\/uploads\/2026\/05\/5.png\" class=\"link-arrow flaticon-loupe-1\" data-fancybox=\"L5K3W\" data-caption=\"\"><\/a>\r\n\t\t\t\t\t\t\t\t\t\t<\/div>\r\n\t\t\t\t\t\t\t\t\t<\/div>\r\n\t\t\t\t\t\t\t\t<\/div>\r\n\t\t\t\t\t\t\t<\/div>\r\n\t\t\t\t\t\t<\/div>\r\n\t\t\t\t\t<\/div>\t\r\n\t\t\t\t<\/div>\r\n\t\t\t\t\r\n\t\t\t\t\t\r\n\r\n\t\t\t\t\t\t\t<div class=\"col-xs-12 col-sm-6 col-md-4\" style=\"margin-bottom: 5px;\">\r\n\t\t\t\t\t<div class=\"gallery-block\">\r\n\t\t\t\t\t\t<div class=\"inner-box\">\r\n\t\t\t\t\t\t\t<div class=\"image-box\">\r\n\t\t\t\t\t\t\t\t<img src=\"https:\/\/hoschool.it\/wp-content\/uploads\/2026\/05\/6-580x435.png\" alt=\"\">\r\n\t\t\t\t\t\t\t\t<div class=\"overlay-box\">\r\n\t\t\t\t\t\t\t\t\t<div class=\"overlay-inner\">\r\n\t\t\t\t\t\t\t\t\t\t<div class=\"content\">\r\n\t\t\t\t\t\t\t\t\t\t\t<a href=\"https:\/\/hoschool.it\/wp-content\/uploads\/2026\/05\/6.png\" class=\"link-arrow flaticon-loupe-1\" data-fancybox=\"L5K3W\" data-caption=\"\"><\/a>\r\n\t\t\t\t\t\t\t\t\t\t<\/div>\r\n\t\t\t\t\t\t\t\t\t<\/div>\r\n\t\t\t\t\t\t\t\t<\/div>\r\n\t\t\t\t\t\t\t<\/div>\r\n\t\t\t\t\t\t<\/div>\r\n\t\t\t\t\t<\/div>\t\r\n\t\t\t\t<\/div>\r\n\t\t\t\t\r\n\t\t\t\t\t\r\n\r\n\t\t\t\t\t\t\t<div class=\"col-xs-12 col-sm-6 col-md-4\" style=\"margin-bottom: 5px;\">\r\n\t\t\t\t\t<div class=\"gallery-block\">\r\n\t\t\t\t\t\t<div class=\"inner-box\">\r\n\t\t\t\t\t\t\t<div class=\"image-box\">\r\n\t\t\t\t\t\t\t\t<img src=\"https:\/\/hoschool.it\/wp-content\/uploads\/2026\/05\/7-580x435.png\" alt=\"\">\r\n\t\t\t\t\t\t\t\t<div class=\"overlay-box\">\r\n\t\t\t\t\t\t\t\t\t<div class=\"overlay-inner\">\r\n\t\t\t\t\t\t\t\t\t\t<div class=\"content\">\r\n\t\t\t\t\t\t\t\t\t\t\t<a href=\"https:\/\/hoschool.it\/wp-content\/uploads\/2026\/05\/7.png\" class=\"link-arrow flaticon-loupe-1\" data-fancybox=\"L5K3W\" data-caption=\"\"><\/a>\r\n\t\t\t\t\t\t\t\t\t\t<\/div>\r\n\t\t\t\t\t\t\t\t\t<\/div>\r\n\t\t\t\t\t\t\t\t<\/div>\r\n\t\t\t\t\t\t\t<\/div>\r\n\t\t\t\t\t\t<\/div>\r\n\t\t\t\t\t<\/div>\t\r\n\t\t\t\t<\/div>\r\n\t\t\t\t\r\n\t\t\t\t\t\r\n\r\n\t\t\t\t\t\t\t<div class=\"col-xs-12 col-sm-6 col-md-4\" style=\"margin-bottom: 5px;\">\r\n\t\t\t\t\t<div class=\"gallery-block\">\r\n\t\t\t\t\t\t<div class=\"inner-box\">\r\n\t\t\t\t\t\t\t<div class=\"image-box\">\r\n\t\t\t\t\t\t\t\t<img src=\"https:\/\/hoschool.it\/wp-content\/uploads\/2026\/05\/8-580x435.png\" alt=\"\">\r\n\t\t\t\t\t\t\t\t<div class=\"overlay-box\">\r\n\t\t\t\t\t\t\t\t\t<div class=\"overlay-inner\">\r\n\t\t\t\t\t\t\t\t\t\t<div class=\"content\">\r\n\t\t\t\t\t\t\t\t\t\t\t<a href=\"https:\/\/hoschool.it\/wp-content\/uploads\/2026\/05\/8.png\" class=\"link-arrow flaticon-loupe-1\" data-fancybox=\"L5K3W\" data-caption=\"\"><\/a>\r\n\t\t\t\t\t\t\t\t\t\t<\/div>\r\n\t\t\t\t\t\t\t\t\t<\/div>\r\n\t\t\t\t\t\t\t\t<\/div>\r\n\t\t\t\t\t\t\t<\/div>\r\n\t\t\t\t\t\t<\/div>\r\n\t\t\t\t\t<\/div>\t\r\n\t\t\t\t<\/div>\r\n\t\t\t\t\r\n\t\t\t\t\t\r\n\r\n\t\t\t\t\t\t\t<div class=\"col-xs-12 col-sm-6 col-md-4\" style=\"margin-bottom: 5px;\">\r\n\t\t\t\t\t<div class=\"gallery-block\">\r\n\t\t\t\t\t\t<div class=\"inner-box\">\r\n\t\t\t\t\t\t\t<div class=\"image-box\">\r\n\t\t\t\t\t\t\t\t<img src=\"https:\/\/hoschool.it\/wp-content\/uploads\/2026\/05\/9-580x435.png\" alt=\"\">\r\n\t\t\t\t\t\t\t\t<div class=\"overlay-box\">\r\n\t\t\t\t\t\t\t\t\t<div class=\"overlay-inner\">\r\n\t\t\t\t\t\t\t\t\t\t<div class=\"content\">\r\n\t\t\t\t\t\t\t\t\t\t\t<a href=\"https:\/\/hoschool.it\/wp-content\/uploads\/2026\/05\/9.png\" class=\"link-arrow flaticon-loupe-1\" data-fancybox=\"L5K3W\" data-caption=\"\"><\/a>\r\n\t\t\t\t\t\t\t\t\t\t<\/div>\r\n\t\t\t\t\t\t\t\t\t<\/div>\r\n\t\t\t\t\t\t\t\t<\/div>\r\n\t\t\t\t\t\t\t<\/div>\r\n\t\t\t\t\t\t<\/div>\r\n\t\t\t\t\t<\/div>\t\r\n\t\t\t\t<\/div>\r\n\t\t\t\t\r\n\t\t\t\t\t\r\n\r\n\t\t\t\t\t\t<\/div>\r\n\t\t<\/div><!-- Inline gallery end -->\r\n\r\n\r\n\t\n<p style=\"text-align: justify;\">Il progetto Erasmus plus N. 2024-1-TR01-KA220-VET-000245625 \u00e8 cofinanziato dall&#8217;Unione Europea.<img loading=\"lazy\" class=\" wp-image-1421 alignright\" src=\"https:\/\/hoschool.it\/wp-content\/uploads\/2022\/08\/IT-Cofinanziato-dallUnione-europea_BLACK_POS-300x63.png\" alt=\"\" width=\"238\" height=\"50\" srcset=\"https:\/\/hoschool.it\/wp-content\/uploads\/2022\/08\/IT-Cofinanziato-dallUnione-europea_BLACK_POS-300x63.png 300w, https:\/\/hoschool.it\/wp-content\/uploads\/2022\/08\/IT-Cofinanziato-dallUnione-europea_BLACK_POS-1024x215.png 1024w, https:\/\/hoschool.it\/wp-content\/uploads\/2022\/08\/IT-Cofinanziato-dallUnione-europea_BLACK_POS-768x161.png 768w, https:\/\/hoschool.it\/wp-content\/uploads\/2022\/08\/IT-Cofinanziato-dallUnione-europea_BLACK_POS-1536x322.png 1536w, https:\/\/hoschool.it\/wp-content\/uploads\/2022\/08\/IT-Cofinanziato-dallUnione-europea_BLACK_POS-2048x429.png 2048w, https:\/\/hoschool.it\/wp-content\/uploads\/2022\/08\/IT-Cofinanziato-dallUnione-europea_BLACK_POS-580x122.png 580w\" sizes=\"(max-width: 238px) 100vw, 238px\" \/><\/p>\n","protected":false},"excerpt":{"rendered":"<p>\u201cMaster Chef Simulator: Sustainable Gastronomy Training Through VR\u201d Coordinatore del Progetto: Universit\u00e0 di Karabuk Progetto n. 2024-1-TR01-KA220-VET-000245625 Periodo di attuazione: 1 dicembre 2024 \u2013 30 novembre 2026 Il progetto si concentra sul potenziamento dell&#8217;educazione alla gastronomia sostenibile integrando strumenti VR (Realt\u00e0 Virtuale) immersivi nella formazione professionale. Mira a fornire agli studenti competenze pratiche, promuovere pratiche [&hellip;]<\/p>\n","protected":false},"author":4,"featured_media":3346,"parent":0,"menu_order":0,"comment_status":"closed","ping_status":"closed","template":"","meta":[],"_links":{"self":[{"href":"https:\/\/hoschool.it\/it\/wp-json\/wp\/v2\/pages\/3366\/"}],"collection":[{"href":"https:\/\/hoschool.it\/it\/wp-json\/wp\/v2\/pages\/"}],"about":[{"href":"https:\/\/hoschool.it\/it\/wp-json\/wp\/v2\/types\/page\/"}],"author":[{"embeddable":true,"href":"https:\/\/hoschool.it\/it\/wp-json\/wp\/v2\/users\/4\/"}],"replies":[{"embeddable":true,"href":"https:\/\/hoschool.it\/it\/wp-json\/wp\/v2\/comments\/?post=3366"}],"version-history":[{"count":7,"href":"https:\/\/hoschool.it\/it\/wp-json\/wp\/v2\/pages\/3366\/revisions\/"}],"predecessor-version":[{"id":3409,"href":"https:\/\/hoschool.it\/it\/wp-json\/wp\/v2\/pages\/3366\/revisions\/3409\/"}],"wp:featuredmedia":[{"embeddable":true,"href":"https:\/\/hoschool.it\/it\/wp-json\/wp\/v2\/media\/3346\/"}],"wp:attachment":[{"href":"https:\/\/hoschool.it\/it\/wp-json\/wp\/v2\/media\/?parent=3366"}],"curies":[{"name":"wp","href":"https:\/\/api.w.org\/{rel}","templated":true}]}}