






{"id":1341,"date":"2022-05-05T10:13:58","date_gmt":"2022-05-05T10:13:58","guid":{"rendered":"https:\/\/hoschool.it\/?page_id=1341"},"modified":"2022-05-05T12:10:17","modified_gmt":"2022-05-05T12:10:17","slug":"tirocinio-nei-migliori-hotel-d-europa-da-3-a-5-mesi","status":"publish","type":"page","link":"https:\/\/hoschool.it\/it\/tirocinio-nei-migliori-hotel-d-europa-da-3-a-5-mesi\/","title":{"rendered":"Tirocinio nei migliori hotel d&#8217;Europa da 3 a 5 mesi"},"content":{"rendered":"<h3><span style=\"color: #cc8809;\">Emozionanti tirocini all\u2019estero<\/span><\/h3>\n<p style=\"text-align: justify;\">Iscriviti a Italian Hospitality School e scegli dove passare il tuo tirocinio! Fai la domanda per i nostri programmi <strong>&#8220;Servizi turistici&#8221;<\/strong>, <strong>&#8220;Operatore di ricevimento&#8221;<\/strong>, e <strong>&#8220;Tecnico della produzione pasti &#8211; cuoco&#8221;<\/strong> e trascorri 3-5 mesi nei migliori hotel in Germania, Spagna, Austria o nei Paesi Baltici!<\/p>\n<h3><span style=\"color: #cc8809;\">Acquisisci le competenze richieste!<br \/>\n<\/span><\/h3>\n<p style=\"text-align: justify;\">Durante gli studi e il tirocinio guadagni l\u2019esperienza professionale internazionale, esplori le nuove culture e rafforzi le tue abilit\u00e0 linguistiche. \u00c8 una grande opportunit\u00e0 per imparare dagli esperti in accoglienza, eccelli in famose ricette culinarie e metti subito in pratica le tue conoscenze!<\/p>\n<h3><span style=\"color: #cc8809;\">Condizioni<br \/>\n<\/span><\/h3>\n<p style=\"text-align: justify;\">I tirocini sono disponibili per i giovani studenti di Italian Hospitality School che hanno 18-25 anni. La quota di iscrizione per i programmi &#8220;Servizi turistici&#8221;, &#8220;Operatore di ricevimento&#8221;, e &#8220;Tecnico della produzione pasti &#8211; cuoco&#8221; \u00e8 \u20ac2450 all&#8217;anno, e lo stage \u00e8 incluso!<br \/>\nLe spese di vitto e alloggio sono coperte, cos\u00ec come le spese di assicurazione e di viaggio.<\/p>\n<p class=\"gde-text\"><a href=\"https:\/\/hoschool.it\/wp-content\/uploads\/2022\/05\/Tirocinio-nei-migliori-hotel-dEuropa-da-3-a-5-mesi.pdf\" class=\"gde-link\">Download<\/a><\/p>\n<iframe src=\"\/\/docs.google.com\/viewer?url=https%3A%2F%2Fhoschool.it%2Fwp-content%2Fuploads%2F2022%2F05%2FTirocinio-nei-migliori-hotel-dEuropa-da-3-a-5-mesi.pdf&hl=in&embedded=true\" class=\"gde-frame\" style=\"width:100%; height:550px; border: none;\" scrolling=\"no\"><\/iframe>\n","protected":false},"excerpt":{"rendered":"<p>Emozionanti tirocini all\u2019estero Iscriviti a Italian Hospitality School e scegli dove passare il tuo tirocinio! Fai la domanda per i nostri programmi &#8220;Servizi turistici&#8221;, &#8220;Operatore di ricevimento&#8221;, e &#8220;Tecnico della produzione pasti &#8211; cuoco&#8221; e trascorri 3-5 mesi nei migliori hotel in Germania, Spagna, Austria o nei Paesi Baltici! Acquisisci le competenze richieste! Durante gli [&hellip;]<\/p>\n","protected":false},"author":4,"featured_media":1320,"parent":0,"menu_order":0,"comment_status":"closed","ping_status":"closed","template":"","meta":[],"_links":{"self":[{"href":"https:\/\/hoschool.it\/it\/wp-json\/wp\/v2\/pages\/1341\/"}],"collection":[{"href":"https:\/\/hoschool.it\/it\/wp-json\/wp\/v2\/pages\/"}],"about":[{"href":"https:\/\/hoschool.it\/it\/wp-json\/wp\/v2\/types\/page\/"}],"author":[{"embeddable":true,"href":"https:\/\/hoschool.it\/it\/wp-json\/wp\/v2\/users\/4\/"}],"replies":[{"embeddable":true,"href":"https:\/\/hoschool.it\/it\/wp-json\/wp\/v2\/comments\/?post=1341"}],"version-history":[{"count":5,"href":"https:\/\/hoschool.it\/it\/wp-json\/wp\/v2\/pages\/1341\/revisions\/"}],"predecessor-version":[{"id":1361,"href":"https:\/\/hoschool.it\/it\/wp-json\/wp\/v2\/pages\/1341\/revisions\/1361\/"}],"wp:featuredmedia":[{"embeddable":true,"href":"https:\/\/hoschool.it\/it\/wp-json\/wp\/v2\/media\/1320\/"}],"wp:attachment":[{"href":"https:\/\/hoschool.it\/it\/wp-json\/wp\/v2\/media\/?parent=1341"}],"curies":[{"name":"wp","href":"https:\/\/api.w.org\/{rel}","templated":true}]}}