






{"id":1281,"date":"2022-01-28T15:53:48","date_gmt":"2022-01-28T15:53:48","guid":{"rendered":"https:\/\/hoschool.it\/special-promotion-from-italian-hospitality-school-2022\/"},"modified":"2022-02-01T15:13:56","modified_gmt":"2022-02-01T15:13:56","slug":"promozione-speciale-da-italian-hospitality-school-2022","status":"publish","type":"page","link":"https:\/\/hoschool.it\/it\/promozione-speciale-da-italian-hospitality-school-2022\/","title":{"rendered":"Promozione speciale da Italian Hospitality School!"},"content":{"rendered":"<p style=\"text-align: justify;\">Promozione speciale per i studenti europei e per studenti con permesso di soggiorno europeo, scegli uno dei corsi di Italian Hospitality School e avrai il 50% di sconto e il tirocinio garantito, pagato (fino a 1800 euro) per 5 mesi in diversi paesi d&#8217;Europa.<\/p>\n<p style=\"text-align: justify;\">ITALIAN HOSPITALITY SCHOOL \u00e8 un istituto di istruzione superiore professionale situato nel Centro Antico di Roma, e si concentra su corsi di Turismo e Ospitalit\u00e0, oltre a fornire formazione e stage nei alberghi e ristoranti locali.<\/p>\n<p style=\"text-align: justify;\">Arricchisci la tua esperienza lavorativa con i programmi Erasmus Plus di Italian Hospitality School e viaggia in diversi Paesi d&#8217;Europa, vitto e alloggio sono forniti dal datore di lavoro.<\/p>\n<h3>Progetti Erasmus+ e Cooperazione<\/h3>\n<p style=\"text-align: justify;\">ITALIAN HOSPITALITY SCHOOL \u00e8 partner ospitante oltre che coordinatore di progetto per le azioni Erasmus+ di mobilit\u00e0 e cooperazione internazionale. Il vantaggio pi\u00f9 importante della partecipazione ai progetti Erasmus+ \u00e8 una maggiore capacit\u00e0 di operare a livello internazionale, metodi di gestione migliorati, accesso a maggiori opportunit\u00e0 di finanziamento e progetti, maggiore capacit\u00e0 di preparare, gestire e seguire progetti, nonch\u00e9 una maggiore interessante portfolio di opportunit\u00e0 per studenti e personale di ITALIAN HOSPITALITY SCHOOL.<\/p>\n\t\t<div class=\"igalry\"><!-- Inline gallery start -->\r\n\t\t\t\t\t\t<h4>Erasmus+ con Immagini<\/h4>\r\n\t\t\t<hr \/>\r\n\t\t\t\t\t\t<div class=\"row\">\r\n\t\t\t\t\t\t<div class=\"col-xs-12 col-sm-6 col-md-4\" style=\"margin-bottom: 5px;\">\r\n\t\t\t\t\t<div class=\"gallery-block\">\r\n\t\t\t\t\t\t<div class=\"inner-box\">\r\n\t\t\t\t\t\t\t<div class=\"image-box\">\r\n\t\t\t\t\t\t\t\t<img src=\"https:\/\/hoschool.it\/wp-content\/uploads\/2021\/11\/3584B8B4-4384-459A-A465-CA8BC879F6FB-580x435.jpeg\" alt=\"\">\r\n\t\t\t\t\t\t\t\t<div class=\"overlay-box\">\r\n\t\t\t\t\t\t\t\t\t<div class=\"overlay-inner\">\r\n\t\t\t\t\t\t\t\t\t\t<div class=\"content\">\r\n\t\t\t\t\t\t\t\t\t\t\t<a href=\"https:\/\/hoschool.it\/wp-content\/uploads\/2021\/11\/3584B8B4-4384-459A-A465-CA8BC879F6FB.jpeg\" class=\"link-arrow flaticon-loupe-1\" data-fancybox=\"X4L3M\" data-caption=\"\"><\/a>\r\n\t\t\t\t\t\t\t\t\t\t<\/div>\r\n\t\t\t\t\t\t\t\t\t<\/div>\r\n\t\t\t\t\t\t\t\t<\/div>\r\n\t\t\t\t\t\t\t<\/div>\r\n\t\t\t\t\t\t<\/div>\r\n\t\t\t\t\t<\/div>\t\r\n\t\t\t\t<\/div>\r\n\t\t\t\t\r\n\t\t\t\t\t\r\n\r\n\t\t\t\t\t\t\t<div class=\"col-xs-12 col-sm-6 col-md-4\" style=\"margin-bottom: 5px;\">\r\n\t\t\t\t\t<div class=\"gallery-block\">\r\n\t\t\t\t\t\t<div class=\"inner-box\">\r\n\t\t\t\t\t\t\t<div class=\"image-box\">\r\n\t\t\t\t\t\t\t\t<img src=\"https:\/\/hoschool.it\/wp-content\/uploads\/2021\/11\/0002-580x435.jpg\" alt=\"\">\r\n\t\t\t\t\t\t\t\t<div class=\"overlay-box\">\r\n\t\t\t\t\t\t\t\t\t<div class=\"overlay-inner\">\r\n\t\t\t\t\t\t\t\t\t\t<div class=\"content\">\r\n\t\t\t\t\t\t\t\t\t\t\t<a href=\"https:\/\/hoschool.it\/wp-content\/uploads\/2021\/11\/0002.jpg\" class=\"link-arrow flaticon-loupe-1\" data-fancybox=\"X4L3M\" data-caption=\"\"><\/a>\r\n\t\t\t\t\t\t\t\t\t\t<\/div>\r\n\t\t\t\t\t\t\t\t\t<\/div>\r\n\t\t\t\t\t\t\t\t<\/div>\r\n\t\t\t\t\t\t\t<\/div>\r\n\t\t\t\t\t\t<\/div>\r\n\t\t\t\t\t<\/div>\t\r\n\t\t\t\t<\/div>\r\n\t\t\t\t\r\n\t\t\t\t\t\r\n\r\n\t\t\t\t\t\t\t<div class=\"col-xs-12 col-sm-6 col-md-4\" style=\"margin-bottom: 5px;\">\r\n\t\t\t\t\t<div class=\"gallery-block\">\r\n\t\t\t\t\t\t<div class=\"inner-box\">\r\n\t\t\t\t\t\t\t<div class=\"image-box\">\r\n\t\t\t\t\t\t\t\t<img src=\"https:\/\/hoschool.it\/wp-content\/uploads\/2021\/11\/BCAF21AC-18B9-40D4-9A59-DFC6285B30F2-580x435.jpeg\" alt=\"\">\r\n\t\t\t\t\t\t\t\t<div class=\"overlay-box\">\r\n\t\t\t\t\t\t\t\t\t<div class=\"overlay-inner\">\r\n\t\t\t\t\t\t\t\t\t\t<div class=\"content\">\r\n\t\t\t\t\t\t\t\t\t\t\t<a href=\"https:\/\/hoschool.it\/wp-content\/uploads\/2021\/11\/BCAF21AC-18B9-40D4-9A59-DFC6285B30F2.jpeg\" class=\"link-arrow flaticon-loupe-1\" data-fancybox=\"X4L3M\" data-caption=\"\"><\/a>\r\n\t\t\t\t\t\t\t\t\t\t<\/div>\r\n\t\t\t\t\t\t\t\t\t<\/div>\r\n\t\t\t\t\t\t\t\t<\/div>\r\n\t\t\t\t\t\t\t<\/div>\r\n\t\t\t\t\t\t<\/div>\r\n\t\t\t\t\t<\/div>\t\r\n\t\t\t\t<\/div>\r\n\t\t\t\t\r\n\t\t\t\t\t\r\n\r\n\t\t\t\t\t\t<\/div>\r\n\t\t<\/div><!-- Inline gallery end -->\r\n\r\n\r\n\t\n<h3>Costruisci la tua carriera con la nostra esperienza di tirocinio che cambia la vita!<\/h3>\n<p style=\"text-align: justify;\">I programmi di tirocinio retribuiti nel settore dell&#8217;ospitalit\u00e0 e del turismo forniti da Italian Hospitality School sono essenziali per chiunque sia interessato ad apprendere il funzionamento interno dei alberghi di un livello mondiale, resort o altre entit\u00e0 correlate, questa \u00e8 un&#8217;opportunit\u00e0 unica per costruire una rete con il business comunit\u00e0 mentre metti alla prova le tue abilit\u00e0 teoriche in un ambiente pratico.<\/p>\n<p style=\"text-align: justify;\">Italian Hospitality School garantisce stage a tutti i suoi studenti, in Italia o all&#8217;estero nei alberghi di 4\/5 stelle o in resort di alta classe. Durante il periodo di Tirocinio (minimo 3 mesi), gli studenti percepiscono uno stipendio mensile fino a 1800 euro (le spese di vitto e alloggio sono a carico del datore di lavoro).<\/p>\n<p style=\"text-align: justify;\">Se hai mai pensato di lavorare per un albergo e resort di alto livello in Italia o all&#8217;estero, uno dei nostri stage sar\u00e0 l&#8217;abbinamento perfetto per te, collochiamo i nostri studenti di talento con i alberghi di prima classe in tutte le destinazioni del nostro programma.<\/p>\n<p>&nbsp;<\/p>\n<p>&nbsp;<\/p>\n\t\r\n\r\n                <div class=\"apform\">\r\n                    <form enctype=\"multipart\/form-data\" action=\"https:\/\/hoschool.it\/wp-admin\/admin-ajax.php\" method=\"POST\" id=\"ihs_mainapplyform\" name=\"ihs_mainapplyform\" >\r\n\t\t\t\t\t\t<input type=\"hidden\" id=\"ihs_cpag\" name=\"ihs_cpag\" value=\"https:\/\/hoschool.it\/it\/wp-json\/wp\/v2\/pages\/1281\/\" \/>\r\n\t\t\t\t\t\t<div class=\"overlay_loader\"><\/div>\r\n\t\t\t\t\t\t<input type=\"hidden\" name=\"action\" value=\"sendmainapplyform\"\/>\r\n\t\t\t\t\t\t<input type=\"hidden\" name=\"MAX_FILE_SIZE\" value=\"20971520\" \/>\r\n\t\t\t\t\t\t\r\n\r\n                \r\n                                <div><h4>Candidati ora!<\/h4><\/div>\r\n\r\n                                    <div class=\"row clearfix\">\r\n                                        \r\n                                        <div class=\"form-group col-md-6 col-sm-6 col-xs-12\">\r\n                                            <div class=\"field-label\">Nome <sup>*<\/sup><\/div>\r\n                                            <input type=\"text\" id=\"ihs_fname\" name=\"ihs_fname\" value=\"\" placeholder=\"Nome\" required \/>\r\n                                        <\/div>\r\n                                        \r\n                                        <div class=\"form-group col-md-6 col-sm-6 col-xs-12\">\r\n                                            <div class=\"field-label\">Genome <sup>*<\/sup><\/div>\r\n                                            <input type=\"text\" id=\"ihs_lname\" name=\"ihs_lname\" value=\"\" placeholder=\"Genome\" required \/>\r\n                                        <\/div>\r\n\r\n                                        <div class=\"form-group col-md-6 col-sm-6 col-xs-12\">\r\n                                            <div class=\"field-label\">Data di nascita <sup>*<\/sup><\/div>\r\n                                            <input type=\"text\" id=\"ihs_bdate\" name=\"ihs_bdate\" value=\"\" placeholder=\"Data di nascita\" required \/>\r\n                                        <\/div>\r\n\r\n                                        <div class=\"form-group col-md-6 col-sm-6 col-xs-12\">\r\n                                            <div class=\"field-label\">Cittadinanza <sup>*<\/sup><\/div>\r\n                                            <input type=\"text\" id=\"ihs_citizenship\" name=\"ihs_citizenship\" value=\"\" placeholder=\"Cittadinanza\" required \/>\r\n                                        <\/div>\r\n\r\n                                        <div class=\"form-group col-md-6 col-sm-6 col-xs-12\">\r\n                                            <div class=\"field-label\">Corso di studio desiderato <sup>*<\/sup><\/div>\r\n\t\t\t\t\t\t\t\t\t\t\t<select id=\"ihs_wantedprog\" name=\"ihs_wantedprog\"  required>\r\n\t\t\t\t\t\t\t\t\t\t\t\t<option value='' selected disabled> - <\/option>\r\n\t\t\t\t\t\t\t\t\t\t\t\t<option value='Marketing turistico (EQF 5)'>Marketing turistico (EQF 5)<\/option>\r\n<option value='Servizi di accoglienza (EQF 5)'>Servizi di accoglienza (EQF 5)<\/option>\r\n<option value='Controllo di gestione (EQF 6)'>Controllo di gestione (EQF 6)<\/option>\r\n<option value='Corso di lingua e l\u2019ospitalit\u00e0 (EQF 5)'>Corso di lingua e l\u2019ospitalit\u00e0 (EQF 5)<\/option>\r\n<option value='Corsi di lingua'>Corsi di lingua<\/option>\r\n<option value='l\\\u2019inglese in Europa per 30 giorni'>l\u2019inglese in Europa per 30 giorni<\/option>\r\n<option value='Universit\u00e0 estiva'>Universit\u00e0 estiva<\/option>\r\n<option value='Gestione dell\u2019accoglienza (BTEC 5)'>Gestione dell\u2019accoglienza (BTEC 5)<\/option>\r\n<option value='Gestione delle arti culinarie (BTEC 5)'>Gestione delle arti culinarie (BTEC 5)<\/option>\r\n<option value='Business (BTEC 5)'>Business (BTEC 5)<\/option>\r\n<option value='E-LEARNING'>E-LEARNING<\/option>\t\t\t\t\t\t\t\t\t\t\t<\/select>\r\n                                        <\/div>\r\n\r\n                                        <div class=\"form-group col-md-6 col-sm-6 col-xs-12\">\r\n                                            <div class=\"field-label\">Data d\u2019inizio desiderata<\/div>\r\n                                            <input type=\"text\" id=\"ihs_demanddate\" name=\"ihs_demanddate\" value=\"\" placeholder=\"Data d\u2019inizio desiderata\">\r\n                                        <\/div>\r\n\r\n                                        <div class=\"form-group col-md-6 col-sm-6 col-xs-12\">\r\n                                            <div class=\"field-label\">Telefono di contatto (con prefisso internazionale) <sup>*<\/sup><\/div>\r\n                                            <input type=\"text\" id=\"ihs_phonenum\" name=\"ihs_phonenum\" value=\"\" placeholder=\"Telefono di contatto (con prefisso internazionale)\" required \/>\r\n                                        <\/div>\r\n\r\n                                        <div class=\"form-group col-md-6 col-sm-6 col-xs-12\">\r\n                                            <div class=\"field-label\">E-mail <sup>*<\/sup><\/div>\r\n                                            <input type=\"text\" id=\"ihs_mailone\" name=\"ihs_mailone\" value=\"\" placeholder=\"E-mail\" required \/>\r\n                                        <\/div>\r\n\r\n                                        <div class=\"form-group col-md-6 col-sm-6 col-xs-12\">\r\n                                            <div class=\"field-label\">E-mail di nuovo <sup>*<\/sup><\/div>\r\n                                            <input type=\"text\" id=\"ihs_mailtwo\" name=\"ihs_mailtwo\" value=\"\" placeholder=\"E-mail di nuovo\" required \/>\r\n                                        <\/div>\r\n\r\n                                        <div class=\"form-group col-md-12 col-sm-12 col-xs-12\">\r\n                                            <div class=\"field-label\">Copia del diploma di scuola secondaria di secondo grado  <sup>*<\/sup><\/div>\r\n\t\t\t\t\t\t\t\t\t\t\t<input type=\"file\" id=\"ihs_docsecschooldip\" name=\"ihs_docsecschooldip\" required \/>\r\n                                        <\/div>\r\n\r\n                                        <div class=\"form-group col-md-12 col-sm-12 col-xs-12\">\r\n                                            <div class=\"field-label\">Copia del foglio di valutazione del diploma di scuola secondaria di secondo grado <sup>*<\/sup><\/div>\r\n\t\t\t\t\t\t\t\t\t\t\t<input type=\"file\" id=\"ihs_docsecschoolmarks\" name=\"ihs_docsecschoolmarks\" required \/>\r\n                                        <\/div>\r\n\r\n                                        <div class=\"form-group col-md-12 col-sm-12 col-xs-12\">\r\n                                            <div class=\"field-label\">Certificato di prova di lingua inglese (se disponibile). IELTS, TOEFL o equivalente <\/div>\r\n\t\t\t\t\t\t\t\t\t\t\t<input type=\"file\" id=\"ihs_docenglish\" name=\"ihs_docenglish\" \/>\r\n                                        <\/div>\r\n\r\n\r\n                                        <div class=\"form-group col-md-6 col-sm-6 col-xs-12\">\r\n                                            <div class=\"field-label\">Hai fatto domanda tramite un'agenzia? <\/div>\r\n\t\t\t\t\t\t\t\t\t\t\t<select name='ihs_isthruagent' id='ihs_isthruagent'>\r\n\t\t\t\t\t\t\t\t\t\t\t\t<option value='' selected disabled> - <\/option>\r\n\t\t\t\t\t\t\t\t\t\t\t\t<option value='Yes'>S\u00ec<\/option>\r\n\t\t\t\t\t\t\t\t\t\t\t\t<option value='No'>No<\/option>\r\n\t\t\t\t\t\t\t\t\t\t\t<\/select>\r\n                                        <\/div>\r\n                                        <div class=\"form-group col-md-6 col-sm-6 col-xs-12\">\r\n                                            <div class=\"field-label\">Se s\u00ec, si prega di scrivere il nome dell'agente<\/div>\r\n                                            <input type=\"text\" id=\"ihs_agentname\" name=\"ihs_agentname\" value=\"\" placeholder=\"Nome dell'agenzia o dell'agente \" \/>\r\n                                        <\/div>\r\n\r\n\r\n\r\n                                        <div class=\"form-group col-md-12 col-sm-12 col-xs-12\">\r\n                                            <div class=\"field-label\">Ulteriori informazioni o richieste del richiedente (opzionale)<\/div>\r\n                                            <textarea id=\"ihs_educationdata\" name=\"ihs_educationdata\"><\/textarea>\r\n                                        <\/div>\r\n\r\n\r\n                                        <div class=\"form-group col-md-12 col-sm-12 col-xs-12\">\r\n\t\t\t\t\t\t\t\t\t\t\t<div id=\"recap_container\"><\/div>\r\n\t\t\t\t\t\t\t\t\t\t<\/div>\r\n\t\t\t\t\t\t\t\t\t\t\r\n\t\t\t\t\t\t\t\t\t\t\r\n                                        <div class=\"form-group col-md-12 col-sm-12 col-xs-12\">\r\n\t\t\t\t\t\t\t\t\t\t\t<p class=\"privacy_label\">\r\n\t\t\t\t\t\t\t\t\t\t\t<input type=\"checkbox\" name=\"ihs_privagree\" value=\"priv_agree\" required=\"\">\r\n\t\t\t\t\t\t\t\t\t\t\t* Autorizzo ITALIAN HOSPITALITY SCHOOL S.R.L. elaborare i miei dati personali al fine di garantire l'ammissione e la conclusione di un contratto di formazione secondo le procedure stabilite dalla legge. Per ricevere informazioni sulla quantit\u00e0 di dati personali memorizzati o per richiedere la correzione o la cancellazione, inviare una richiesta al seguente indirizzo di posta elettronica <a href=\"mailto:info@hoschool.it\">info@hoschool.it<\/a>\t\t\t\t\t\t\t\t\t\t\t<\/p>\r\n                                        <\/div>                                       \r\n\r\n                                    <\/div>\r\n\t\t\t\t\t\t\t\t\t\r\n\t\t\t\t\t\t\t\t\t<div class=\"row clearfix\">\r\n\r\n\t\t\t\t\t\t\t\t\t\t<div class=\"form-group col-sm-12\">\r\n\t\t\t\t\t\t\t\t\t\t\t<button type=\"submit\" class=\"theme-btn btn-darka left set-left\">Inviare<\/button>\r\n\t\t\t\t\t\t\t\t\t\t<\/div>\r\n\t\t\t\t\t\t\t\t\t<\/div>\r\n\t\t\t\t\t\t\r\n\t\t\t\t\t\t\t\t\t<div class=\"row\" id=\"ihs_progress-wrap\" style=\"display: none;\">\r\n\t\t\t\t\t\t\t\t\t\t<div class=\"form-group col-sm-12\">\r\n\t\t\t\t\t\t\t\t\t\t\t<p>Si prega di pazientare durante il caricamento dei dati.<\/p>\r\n\t\t\t\t\t\t\t\t\t\t\t<progress id=\"ihs_progress\" value=\"0\"><\/progress>\r\n\t\t\t\t\t\t\t\t\t\t<\/div>\r\n\t\t\t\t\t\t\t\t\t<\/div>\r\n\t\t\t\t\t\t\r\n\t\t\t\t\t\t\t\t\t<div class=\"row\">\r\n\t\t\t\t\t\t\t\t\t\t<div class=\"form-group col-sm-12\">\r\n\t\t\t\t\t\t\t\t\t\t\t<div id=\"err-block\" class=\"alert alert-danger form-result-msg\">\r\n\t\t\t\t\t\t\t\t\t\t\t\t<button type=\"button\" class=\"close\">\r\n\t\t\t\t\t\t\t\t\t\t\t\t\t<span aria-hidden=\"true\">&times;<\/span>\r\n\t\t\t\t\t\t\t\t\t\t\t\t<\/button>\r\n\t\t\t\t\t\t\t\t\t\t\t\t<span id=\"err-msg\">Error, please fill in the form<\/span>\r\n\t\t\t\t\t\t\t\t\t\t\t<\/div>\r\n\t\t\t\t\t\t\t\t\t\t\t\r\n\t\t\t\t\t\t\t\t\t\t\t<div id=\"success-block\" class=\"alert alert-success form-result-msg\">\r\n\t\t\t\t\t\t\t\t\t\t\t\t<button type=\"button\" class=\"close\">\r\n\t\t\t\t\t\t\t\t\t\t\t\t\t<span aria-hidden=\"true\">&times;<\/span>\r\n\t\t\t\t\t\t\t\t\t\t\t\t<\/button>\r\n\t\t\t\t\t\t\t\t\t\t\t\t<span id=\"success-msg\">&nbsp;<\/span>\r\n\t\t\t\t\t\t\t\t\t\t\t<\/div>\r\n\t\t\t\t\t\t\t\t\t\t<\/div>\r\n\t\t\t\t\t\t\t\t\t<\/div>\r\n\t\t\t\t\t\t\t\t\r\n\t\t\t\t\t\t\t\t<\/form>\r\n                    \r\n                <\/div>\r\n\r\n\t\n","protected":false},"excerpt":{"rendered":"<p>Promozione speciale per i studenti europei e per studenti con permesso di soggiorno europeo, scegli uno dei corsi di Italian Hospitality School e avrai il 50% di sconto e il tirocinio garantito, pagato (fino a 1800 euro) per 5 mesi in diversi paesi d&#8217;Europa. ITALIAN HOSPITALITY SCHOOL \u00e8 un istituto di istruzione superiore professionale situato [&hellip;]<\/p>\n","protected":false},"author":1,"featured_media":0,"parent":0,"menu_order":0,"comment_status":"closed","ping_status":"closed","template":"","meta":[],"_links":{"self":[{"href":"https:\/\/hoschool.it\/it\/wp-json\/wp\/v2\/pages\/1281\/"}],"collection":[{"href":"https:\/\/hoschool.it\/it\/wp-json\/wp\/v2\/pages\/"}],"about":[{"href":"https:\/\/hoschool.it\/it\/wp-json\/wp\/v2\/types\/page\/"}],"author":[{"embeddable":true,"href":"https:\/\/hoschool.it\/it\/wp-json\/wp\/v2\/users\/1\/"}],"replies":[{"embeddable":true,"href":"https:\/\/hoschool.it\/it\/wp-json\/wp\/v2\/comments\/?post=1281"}],"version-history":[{"count":6,"href":"https:\/\/hoschool.it\/it\/wp-json\/wp\/v2\/pages\/1281\/revisions\/"}],"predecessor-version":[{"id":1287,"href":"https:\/\/hoschool.it\/it\/wp-json\/wp\/v2\/pages\/1281\/revisions\/1287\/"}],"wp:attachment":[{"href":"https:\/\/hoschool.it\/it\/wp-json\/wp\/v2\/media\/?parent=1281"}],"curies":[{"name":"wp","href":"https:\/\/api.w.org\/{rel}","templated":true}]}}